{"id":64,"date":"2023-02-22T13:05:54","date_gmt":"2023-02-22T13:05:54","guid":{"rendered":"http:\/\/plantagoagro.com\/?page_id=64"},"modified":"2023-03-09T22:42:11","modified_gmt":"2023-03-09T22:42:11","slug":"sobre-nosotros","status":"publish","type":"page","link":"https:\/\/plantagoagro.com\/index.php\/sobre-nosotros\/","title":{"rendered":"Sobre nosotros"},"content":{"rendered":"\t\t<div data-elementor-type=\"wp-page\" data-elementor-id=\"64\" class=\"elementor elementor-64\">\n\t\t\t\t\t\t\t\t\t<section class=\"elementor-section elementor-top-section elementor-element elementor-element-70a5752 elementor-section-full_width elementor-section-height-default elementor-section-height-default\" data-id=\"70a5752\" data-element_type=\"section\">\n\t\t\t\t\t\t<div class=\"elementor-container elementor-column-gap-default\">\n\t\t\t\t\t<div class=\"elementor-column elementor-col-100 elementor-top-column elementor-element elementor-element-61adad7\" data-id=\"61adad7\" data-element_type=\"column\" data-settings=\"{&quot;background_background&quot;:&quot;classic&quot;}\">\n\t\t\t<div class=\"elementor-widget-wrap elementor-element-populated\">\n\t\t\t\t\t<div class=\"elementor-background-overlay\"><\/div>\n\t\t\t\t\t\t\t\t<div class=\"elementor-element elementor-element-f89fcf7 elementor-widget elementor-widget-heading\" data-id=\"f89fcf7\" data-element_type=\"widget\" data-widget_type=\"heading.default\">\n\t\t\t\t<div class=\"elementor-widget-container\">\n\t\t\t<style>\/*! elementor - v3.11.3 - 07-03-2023 *\/\n.elementor-heading-title{padding:0;margin:0;line-height:1}.elementor-widget-heading .elementor-heading-title[class*=elementor-size-]>a{color:inherit;font-size:inherit;line-height:inherit}.elementor-widget-heading .elementor-heading-title.elementor-size-small{font-size:15px}.elementor-widget-heading .elementor-heading-title.elementor-size-medium{font-size:19px}.elementor-widget-heading .elementor-heading-title.elementor-size-large{font-size:29px}.elementor-widget-heading .elementor-heading-title.elementor-size-xl{font-size:39px}.elementor-widget-heading .elementor-heading-title.elementor-size-xxl{font-size:59px}<\/style><h2 class=\"elementor-heading-title elementor-size-default\">Sobre nosotros<\/h2>\t\t<\/div>\n\t\t\t\t<\/div>\n\t\t\t\t\t<\/div>\n\t\t<\/div>\n\t\t\t\t\t\t\t<\/div>\n\t\t<\/section>\n\t\t\t\t<section class=\"elementor-section elementor-top-section elementor-element elementor-element-5712738 elementor-section-full_width elementor-section-height-default elementor-section-height-default\" data-id=\"5712738\" data-element_type=\"section\" data-settings=\"{&quot;background_background&quot;:&quot;classic&quot;}\">\n\t\t\t\t\t\t<div class=\"elementor-container elementor-column-gap-default\">\n\t\t\t\t\t<div class=\"elementor-column elementor-col-100 elementor-top-column elementor-element elementor-element-33b5745\" data-id=\"33b5745\" data-element_type=\"column\">\n\t\t\t<div class=\"elementor-widget-wrap elementor-element-populated\">\n\t\t\t\t\t\t\t\t<section class=\"elementor-section elementor-inner-section elementor-element elementor-element-c750d23 elementor-section-boxed elementor-section-height-default elementor-section-height-default\" data-id=\"c750d23\" data-element_type=\"section\">\n\t\t\t\t\t\t<div class=\"elementor-container elementor-column-gap-default\">\n\t\t\t\t\t<div class=\"elementor-column elementor-col-50 elementor-inner-column elementor-element elementor-element-47f1608\" data-id=\"47f1608\" data-element_type=\"column\">\n\t\t\t<div class=\"elementor-widget-wrap elementor-element-populated\">\n\t\t\t\t\t\t\t\t<div class=\"elementor-element elementor-element-3912479 elementor-widget elementor-widget-text-editor\" data-id=\"3912479\" data-element_type=\"widget\" data-widget_type=\"text-editor.default\">\n\t\t\t\t<div class=\"elementor-widget-container\">\n\t\t\t<style>\/*! elementor - v3.11.3 - 07-03-2023 *\/\n.elementor-widget-text-editor.elementor-drop-cap-view-stacked .elementor-drop-cap{background-color:#818a91;color:#fff}.elementor-widget-text-editor.elementor-drop-cap-view-framed .elementor-drop-cap{color:#818a91;border:3px solid;background-color:transparent}.elementor-widget-text-editor:not(.elementor-drop-cap-view-default) .elementor-drop-cap{margin-top:8px}.elementor-widget-text-editor:not(.elementor-drop-cap-view-default) .elementor-drop-cap-letter{width:1em;height:1em}.elementor-widget-text-editor .elementor-drop-cap{float:left;text-align:center;line-height:1;font-size:50px}.elementor-widget-text-editor .elementor-drop-cap-letter{display:inline-block}<\/style>\t\t\t\t<p><strong>Quienes somos, nuestro prop\u00f3sito y desarrollo:<\/strong><\/p>\t\t\t\t\t\t<\/div>\n\t\t\t\t<\/div>\n\t\t\t\t\t<\/div>\n\t\t<\/div>\n\t\t\t\t<div class=\"elementor-column elementor-col-50 elementor-inner-column elementor-element elementor-element-8ca33d5\" data-id=\"8ca33d5\" data-element_type=\"column\">\n\t\t\t<div class=\"elementor-widget-wrap elementor-element-populated\">\n\t\t\t\t\t\t\t\t<div class=\"elementor-element elementor-element-302879b elementor-widget elementor-widget-text-editor\" data-id=\"302879b\" data-element_type=\"widget\" data-widget_type=\"text-editor.default\">\n\t\t\t\t<div class=\"elementor-widget-container\">\n\t\t\t\t\t\t\t<p><strong>PLANTAGO<\/strong> \u201cAgro &#8211; procesos\u201d se define como un \u00e1mbito profesional para la construcci\u00f3n, dise\u00f1o y estrategias a trav\u00e9s de tecnolog\u00edas de procesos que brindan soluciones ya sean agron\u00f3micas, econ\u00f3micas o medioambientales, a la altura o en sinton\u00eda con los desaf\u00edos (presentes y futuros) que se enfrenta la agricultura y los sistemas agroalimentarios globales cada m\u00e1s exigentes en materia de sustentabilidad con el fin de cumplir con los objetivos del desarrollo sostenible.<\/p>\t\t\t\t\t\t<\/div>\n\t\t\t\t<\/div>\n\t\t\t\t\t<\/div>\n\t\t<\/div>\n\t\t\t\t\t\t\t<\/div>\n\t\t<\/section>\n\t\t\t\t\t<\/div>\n\t\t<\/div>\n\t\t\t\t\t\t\t<\/div>\n\t\t<\/section>\n\t\t\t\t<section class=\"elementor-section elementor-top-section elementor-element elementor-element-d34f7e5 elementor-section-boxed elementor-section-height-default elementor-section-height-default\" data-id=\"d34f7e5\" data-element_type=\"section\" data-settings=\"{&quot;background_background&quot;:&quot;classic&quot;}\">\n\t\t\t\t\t\t<div class=\"elementor-container elementor-column-gap-default\">\n\t\t\t\t\t<div class=\"elementor-column elementor-col-100 elementor-top-column elementor-element elementor-element-588ffd7\" data-id=\"588ffd7\" data-element_type=\"column\">\n\t\t\t<div class=\"elementor-widget-wrap elementor-element-populated\">\n\t\t\t\t\t\t\t\t<div class=\"elementor-element elementor-element-16b6b95 elementor-widget elementor-widget-text-editor\" data-id=\"16b6b95\" data-element_type=\"widget\" data-widget_type=\"text-editor.default\">\n\t\t\t\t<div class=\"elementor-widget-container\">\n\t\t\t\t\t\t\t<p>A partir de la selecci\u00f3n y combinaci\u00f3n de la aplicaci\u00f3n de principios y recursos ecol\u00f3gicos, biol\u00f3gicos y de tecnolog\u00edas, proponemos un nuevo concepto en agronom\u00eda, abordando propuestas que incluyen la recuperaci\u00f3n de los sistemas de producci\u00f3n degradados, redise\u00f1o de los mismos apostando a sistemas de baja o nula aplicaci\u00f3n de insumos de s\u00edntesis qu\u00edmica, o bien, en la transici\u00f3n hacia una agricultura regenerativa ecol\u00f3gica y en la orientaci\u00f3n de sistemas con objetivos de certificaci\u00f3n org\u00e1nica. Nuestro esfuerzo radica en brindar el mejor asesoramiento y acompa\u00f1amiento aportando calidad humana, disciplina y \u00e9tica profesional, conciencia ambiental y responsabilidad social tanto a nivel local, nacional como global. La nueva agricultura debe ser capaz de mantener su productividad y rentabilidad con el desaf\u00edo de reducir su impacto en el medio ambiente y obrar en su beneficio.<\/p><p class=\"CDt4Ke zfr3Q\" dir=\"ltr\">Para ello nuestro crecimiento se basa en el estudio distintas interacciones suelo- microorganismos-planta\/cultivos-ambiente de los sistemas productivos, analizando e interpretando de qu\u00e9 forma podemos ofrecer el mejor servicio adaptable a las necesidades de cada agricultor o productor, siendo mucho m\u00e1s que un mero servicio agron\u00f3mico y de productos.<\/p><p class=\"CDt4Ke zfr3Q\" dir=\"ltr\">Por esta raz\u00f3n, uno de los principales objetivos que engloba empresa es la formulaci\u00f3n de productos (biofertilizantes o bioinsumos) generados en su propia biof\u00e1brica. Con objetivos, en el posicionamiento como referente nacional en la producci\u00f3n y comercializaci\u00f3n de productos ecol\u00f3gicos u org\u00e1nicos de alta efectividad que permitan al agricultor\/productor contar con herramientas eficientes para incluirlas dentro de sus propuestas de manejo productivo y as\u00ed reducir o evitar la carga y aplicaci\u00f3n qu\u00edmica en sus cultivos.<\/p><p class=\"CDt4Ke zfr3Q\" dir=\"ltr\">Para este fin, contamos con una l\u00ednea de desarrollo de biofertilizantes, bio- estimulantes y bio-remediadores de suelos al servicio del agricultor. Para la obtenci\u00f3n de estos, las materias primas se estudian, seleccionan y elaboran cuidadosamente con el fin de controlar de inicio a fin del proceso productivo.<\/p><p class=\"CDt4Ke zfr3Q\" dir=\"ltr\">Nuestra pol\u00edtica hace foco en la contribuci\u00f3n concepto de producci\u00f3n y econom\u00eda circular como empresa de triple impacto principales ejes de nuestra actividad en todos los niveles y la investigaci\u00f3n y desarrollo constante de medidas para generar mayor equilibrio y bienestar. El aprovechamiento y trasformaci\u00f3n de residuos y subproductos de otros sistemas de producci\u00f3n. El no vertido de efluentes a cursos de agua o superficie de suelo (tratamiento de efluentes), la no emisi\u00f3n de gases de efecto invernadero y la m\u00ednima dependencia de energ\u00eda f\u00f3sil, apostando a la consolidaci\u00f3n de trabajo con esquemas de energ\u00edas renovables. El resultado de la aplicaci\u00f3n de nuestros productos es regenerativo, como lo es nuestro campo de acci\u00f3n, la AGRICULTURA.<\/p>\t\t\t\t\t\t<\/div>\n\t\t\t\t<\/div>\n\t\t\t\t\t<\/div>\n\t\t<\/div>\n\t\t\t\t\t\t\t<\/div>\n\t\t<\/section>\n\t\t\t\t<section class=\"elementor-section elementor-top-section elementor-element elementor-element-e6162f9 elementor-section-boxed elementor-section-height-default elementor-section-height-default\" data-id=\"e6162f9\" data-element_type=\"section\" data-settings=\"{&quot;background_background&quot;:&quot;classic&quot;}\">\n\t\t\t\t\t\t<div class=\"elementor-container elementor-column-gap-default\">\n\t\t\t\t\t<div class=\"elementor-column elementor-col-100 elementor-top-column elementor-element elementor-element-611ae93\" data-id=\"611ae93\" data-element_type=\"column\">\n\t\t\t<div class=\"elementor-widget-wrap elementor-element-populated\">\n\t\t\t\t\t\t\t\t<div class=\"elementor-element elementor-element-6fddf33 elementor-widget elementor-widget-heading\" data-id=\"6fddf33\" data-element_type=\"widget\" data-widget_type=\"heading.default\">\n\t\t\t\t<div class=\"elementor-widget-container\">\n\t\t\t<h2 class=\"elementor-heading-title elementor-size-default\">Seguinos en redes sociales para conocer m\u00e1s de nosotros<\/h2>\t\t<\/div>\n\t\t\t\t<\/div>\n\t\t\t\t<div class=\"elementor-element elementor-element-e0e67ea elementor-shape-rounded elementor-grid-0 e-grid-align-center elementor-widget elementor-widget-social-icons\" data-id=\"e0e67ea\" data-element_type=\"widget\" data-widget_type=\"social-icons.default\">\n\t\t\t\t<div class=\"elementor-widget-container\">\n\t\t\t<style>\/*! elementor - v3.11.3 - 07-03-2023 *\/\n.elementor-widget-social-icons.elementor-grid-0 .elementor-widget-container,.elementor-widget-social-icons.elementor-grid-mobile-0 .elementor-widget-container,.elementor-widget-social-icons.elementor-grid-tablet-0 .elementor-widget-container{line-height:1;font-size:0}.elementor-widget-social-icons:not(.elementor-grid-0):not(.elementor-grid-tablet-0):not(.elementor-grid-mobile-0) .elementor-grid{display:inline-grid}.elementor-widget-social-icons .elementor-grid{grid-column-gap:var(--grid-column-gap,5px);grid-row-gap:var(--grid-row-gap,5px);grid-template-columns:var(--grid-template-columns);justify-content:var(--justify-content,center);justify-items:var(--justify-content,center)}.elementor-icon.elementor-social-icon{font-size:var(--icon-size,25px);line-height:var(--icon-size,25px);width:calc(var(--icon-size, 25px) + (2 * var(--icon-padding, .5em)));height:calc(var(--icon-size, 25px) + (2 * var(--icon-padding, .5em)))}.elementor-social-icon{--e-social-icon-icon-color:#fff;display:inline-flex;background-color:#818a91;align-items:center;justify-content:center;text-align:center;cursor:pointer}.elementor-social-icon i{color:var(--e-social-icon-icon-color)}.elementor-social-icon svg{fill:var(--e-social-icon-icon-color)}.elementor-social-icon:last-child{margin:0}.elementor-social-icon:hover{opacity:.9;color:#fff}.elementor-social-icon-android{background-color:#a4c639}.elementor-social-icon-apple{background-color:#999}.elementor-social-icon-behance{background-color:#1769ff}.elementor-social-icon-bitbucket{background-color:#205081}.elementor-social-icon-codepen{background-color:#000}.elementor-social-icon-delicious{background-color:#39f}.elementor-social-icon-deviantart{background-color:#05cc47}.elementor-social-icon-digg{background-color:#005be2}.elementor-social-icon-dribbble{background-color:#ea4c89}.elementor-social-icon-elementor{background-color:#d30c5c}.elementor-social-icon-envelope{background-color:#ea4335}.elementor-social-icon-facebook,.elementor-social-icon-facebook-f{background-color:#3b5998}.elementor-social-icon-flickr{background-color:#0063dc}.elementor-social-icon-foursquare{background-color:#2d5be3}.elementor-social-icon-free-code-camp,.elementor-social-icon-freecodecamp{background-color:#006400}.elementor-social-icon-github{background-color:#333}.elementor-social-icon-gitlab{background-color:#e24329}.elementor-social-icon-globe{background-color:#818a91}.elementor-social-icon-google-plus,.elementor-social-icon-google-plus-g{background-color:#dd4b39}.elementor-social-icon-houzz{background-color:#7ac142}.elementor-social-icon-instagram{background-color:#262626}.elementor-social-icon-jsfiddle{background-color:#487aa2}.elementor-social-icon-link{background-color:#818a91}.elementor-social-icon-linkedin,.elementor-social-icon-linkedin-in{background-color:#0077b5}.elementor-social-icon-medium{background-color:#00ab6b}.elementor-social-icon-meetup{background-color:#ec1c40}.elementor-social-icon-mixcloud{background-color:#273a4b}.elementor-social-icon-odnoklassniki{background-color:#f4731c}.elementor-social-icon-pinterest{background-color:#bd081c}.elementor-social-icon-product-hunt{background-color:#da552f}.elementor-social-icon-reddit{background-color:#ff4500}.elementor-social-icon-rss{background-color:#f26522}.elementor-social-icon-shopping-cart{background-color:#4caf50}.elementor-social-icon-skype{background-color:#00aff0}.elementor-social-icon-slideshare{background-color:#0077b5}.elementor-social-icon-snapchat{background-color:#fffc00}.elementor-social-icon-soundcloud{background-color:#f80}.elementor-social-icon-spotify{background-color:#2ebd59}.elementor-social-icon-stack-overflow{background-color:#fe7a15}.elementor-social-icon-steam{background-color:#00adee}.elementor-social-icon-stumbleupon{background-color:#eb4924}.elementor-social-icon-telegram{background-color:#2ca5e0}.elementor-social-icon-thumb-tack{background-color:#1aa1d8}.elementor-social-icon-tripadvisor{background-color:#589442}.elementor-social-icon-tumblr{background-color:#35465c}.elementor-social-icon-twitch{background-color:#6441a5}.elementor-social-icon-twitter{background-color:#1da1f2}.elementor-social-icon-viber{background-color:#665cac}.elementor-social-icon-vimeo{background-color:#1ab7ea}.elementor-social-icon-vk{background-color:#45668e}.elementor-social-icon-weibo{background-color:#dd2430}.elementor-social-icon-weixin{background-color:#31a918}.elementor-social-icon-whatsapp{background-color:#25d366}.elementor-social-icon-wordpress{background-color:#21759b}.elementor-social-icon-xing{background-color:#026466}.elementor-social-icon-yelp{background-color:#af0606}.elementor-social-icon-youtube{background-color:#cd201f}.elementor-social-icon-500px{background-color:#0099e5}.elementor-shape-rounded .elementor-icon.elementor-social-icon{border-radius:10%}.elementor-shape-circle .elementor-icon.elementor-social-icon{border-radius:50%}<\/style>\t\t<div class=\"elementor-social-icons-wrapper elementor-grid\">\n\t\t\t\t\t\t\t<span class=\"elementor-grid-item\">\n\t\t\t\t\t<a class=\"elementor-icon elementor-social-icon elementor-social-icon-facebook elementor-repeater-item-1403c45\" target=\"_blank\">\n\t\t\t\t\t\t<span class=\"elementor-screen-only\">Facebook<\/span>\n\t\t\t\t\t\t<i class=\"fab fa-facebook\"><\/i>\t\t\t\t\t<\/a>\n\t\t\t\t<\/span>\n\t\t\t\t\t\t\t<span class=\"elementor-grid-item\">\n\t\t\t\t\t<a class=\"elementor-icon elementor-social-icon elementor-social-icon-twitter elementor-repeater-item-69dfe13\" target=\"_blank\">\n\t\t\t\t\t\t<span class=\"elementor-screen-only\">Twitter<\/span>\n\t\t\t\t\t\t<i class=\"fab fa-twitter\"><\/i>\t\t\t\t\t<\/a>\n\t\t\t\t<\/span>\n\t\t\t\t\t\t\t<span class=\"elementor-grid-item\">\n\t\t\t\t\t<a class=\"elementor-icon elementor-social-icon elementor-social-icon-youtube elementor-repeater-item-793d620\" target=\"_blank\">\n\t\t\t\t\t\t<span class=\"elementor-screen-only\">Youtube<\/span>\n\t\t\t\t\t\t<i class=\"fab fa-youtube\"><\/i>\t\t\t\t\t<\/a>\n\t\t\t\t<\/span>\n\t\t\t\t\t<\/div>\n\t\t\t\t<\/div>\n\t\t\t\t<\/div>\n\t\t\t\t\t<\/div>\n\t\t<\/div>\n\t\t\t\t\t\t\t<\/div>\n\t\t<\/section>\n\t\t\t\t\t\t\t<\/div>\n\t\t","protected":false},"excerpt":{"rendered":"<p>Sobre nosotros Quienes somos, nuestro prop\u00f3sito y desarrollo: PLANTAGO \u201cAgro &#8211; procesos\u201d se define como un \u00e1mbito profesional para la construcci\u00f3n, dise\u00f1o y estrategias a trav\u00e9s de tecnolog\u00edas de procesos que brindan soluciones ya sean agron\u00f3micas, econ\u00f3micas o medioambientales, a la altura o en sinton\u00eda con los desaf\u00edos (presentes y futuros) que se enfrenta la &hellip;<\/p>\n<p class=\"read-more\"> <a class=\"\" href=\"https:\/\/plantagoagro.com\/index.php\/sobre-nosotros\/\"> <span class=\"screen-reader-text\">Sobre nosotros<\/span> Leer m\u00e1s &raquo;<\/a><\/p>\n","protected":false},"author":2,"featured_media":0,"parent":0,"menu_order":0,"comment_status":"closed","ping_status":"closed","template":"elementor_header_footer","meta":{"site-sidebar-layout":"no-sidebar","site-content-layout":"page-builder","ast-global-header-display":"","ast-main-header-display":"","ast-hfb-above-header-display":"","ast-hfb-below-header-display":"","ast-hfb-mobile-header-display":"","site-post-title":"disabled","ast-breadcrumbs-content":"","ast-featured-img":"disabled","footer-sml-layout":"","theme-transparent-header-meta":"","adv-header-id-meta":"","stick-header-meta":"","header-above-stick-meta":"","header-main-stick-meta":"","header-below-stick-meta":"","footnotes":""},"class_list":["post-64","page","type-page","status-publish","hentry"],"yoast_head":"<!-- This site is optimized with the Yoast SEO plugin v20.2.1 - https:\/\/yoast.com\/wordpress\/plugins\/seo\/ -->\n<title>Sobre nosotros - Plantago Agroprocesos<\/title>\n<meta name=\"robots\" content=\"index, follow, max-snippet:-1, max-image-preview:large, max-video-preview:-1\" \/>\n<link rel=\"canonical\" href=\"https:\/\/plantagoagro.com\/index.php\/sobre-nosotros\/\" \/>\n<meta property=\"og:locale\" content=\"es_ES\" \/>\n<meta property=\"og:type\" content=\"article\" \/>\n<meta property=\"og:title\" content=\"Sobre nosotros - Plantago Agroprocesos\" \/>\n<meta property=\"og:description\" content=\"Sobre nosotros Quienes somos, nuestro prop\u00f3sito y desarrollo: PLANTAGO \u201cAgro &#8211; procesos\u201d se define como un \u00e1mbito profesional para la construcci\u00f3n, dise\u00f1o y estrategias a trav\u00e9s de tecnolog\u00edas de procesos que brindan soluciones ya sean agron\u00f3micas, econ\u00f3micas o medioambientales, a la altura o en sinton\u00eda con los desaf\u00edos (presentes y futuros) que se enfrenta la &hellip; Sobre nosotros Leer m\u00e1s &raquo;\" \/>\n<meta property=\"og:url\" content=\"https:\/\/plantagoagro.com\/index.php\/sobre-nosotros\/\" \/>\n<meta property=\"og:site_name\" content=\"Plantago Agroprocesos\" \/>\n<meta property=\"article:modified_time\" content=\"2023-03-09T22:42:11+00:00\" \/>\n<meta name=\"twitter:card\" content=\"summary_large_image\" \/>\n<meta name=\"twitter:label1\" content=\"Tiempo de lectura\" \/>\n\t<meta name=\"twitter:data1\" content=\"3 minutos\" \/>\n<script type=\"application\/ld+json\" class=\"yoast-schema-graph\">{\"@context\":\"https:\/\/schema.org\",\"@graph\":[{\"@type\":\"WebPage\",\"@id\":\"https:\/\/plantagoagro.com\/index.php\/sobre-nosotros\/\",\"url\":\"https:\/\/plantagoagro.com\/index.php\/sobre-nosotros\/\",\"name\":\"Sobre nosotros - Plantago Agroprocesos\",\"isPartOf\":{\"@id\":\"https:\/\/plantagoagro.com\/#website\"},\"datePublished\":\"2023-02-22T13:05:54+00:00\",\"dateModified\":\"2023-03-09T22:42:11+00:00\",\"breadcrumb\":{\"@id\":\"https:\/\/plantagoagro.com\/index.php\/sobre-nosotros\/#breadcrumb\"},\"inLanguage\":\"es\",\"potentialAction\":[{\"@type\":\"ReadAction\",\"target\":[\"https:\/\/plantagoagro.com\/index.php\/sobre-nosotros\/\"]}]},{\"@type\":\"BreadcrumbList\",\"@id\":\"https:\/\/plantagoagro.com\/index.php\/sobre-nosotros\/#breadcrumb\",\"itemListElement\":[{\"@type\":\"ListItem\",\"position\":1,\"name\":\"Portada\",\"item\":\"https:\/\/plantagoagro.com\/\"},{\"@type\":\"ListItem\",\"position\":2,\"name\":\"Sobre nosotros\"}]},{\"@type\":\"WebSite\",\"@id\":\"https:\/\/plantagoagro.com\/#website\",\"url\":\"https:\/\/plantagoagro.com\/\",\"name\":\"Plantago Agroprocesos\",\"description\":\"Insumos agropecuarios\",\"publisher\":{\"@id\":\"https:\/\/plantagoagro.com\/#organization\"},\"potentialAction\":[{\"@type\":\"SearchAction\",\"target\":{\"@type\":\"EntryPoint\",\"urlTemplate\":\"https:\/\/plantagoagro.com\/?s={search_term_string}\"},\"query-input\":\"required name=search_term_string\"}],\"inLanguage\":\"es\"},{\"@type\":\"Organization\",\"@id\":\"https:\/\/plantagoagro.com\/#organization\",\"name\":\"Plantago Agroprocesos\",\"url\":\"https:\/\/plantagoagro.com\/\",\"logo\":{\"@type\":\"ImageObject\",\"inLanguage\":\"es\",\"@id\":\"https:\/\/plantagoagro.com\/#\/schema\/logo\/image\/\",\"url\":\"https:\/\/plantagoagro.com\/wp-content\/uploads\/2023\/02\/V_Principal_Blanco.png\",\"contentUrl\":\"https:\/\/plantagoagro.com\/wp-content\/uploads\/2023\/02\/V_Principal_Blanco.png\",\"width\":801,\"height\":179,\"caption\":\"Plantago Agroprocesos\"},\"image\":{\"@id\":\"https:\/\/plantagoagro.com\/#\/schema\/logo\/image\/\"}}]}<\/script>\n<!-- \/ Yoast SEO plugin. -->","yoast_head_json":{"title":"Sobre nosotros - Plantago Agroprocesos","robots":{"index":"index","follow":"follow","max-snippet":"max-snippet:-1","max-image-preview":"max-image-preview:large","max-video-preview":"max-video-preview:-1"},"canonical":"https:\/\/plantagoagro.com\/index.php\/sobre-nosotros\/","og_locale":"es_ES","og_type":"article","og_title":"Sobre nosotros - Plantago Agroprocesos","og_description":"Sobre nosotros Quienes somos, nuestro prop\u00f3sito y desarrollo: PLANTAGO \u201cAgro &#8211; procesos\u201d se define como un \u00e1mbito profesional para la construcci\u00f3n, dise\u00f1o y estrategias a trav\u00e9s de tecnolog\u00edas de procesos que brindan soluciones ya sean agron\u00f3micas, econ\u00f3micas o medioambientales, a la altura o en sinton\u00eda con los desaf\u00edos (presentes y futuros) que se enfrenta la &hellip; Sobre nosotros Leer m\u00e1s &raquo;","og_url":"https:\/\/plantagoagro.com\/index.php\/sobre-nosotros\/","og_site_name":"Plantago Agroprocesos","article_modified_time":"2023-03-09T22:42:11+00:00","twitter_card":"summary_large_image","twitter_misc":{"Tiempo de lectura":"3 minutos"},"schema":{"@context":"https:\/\/schema.org","@graph":[{"@type":"WebPage","@id":"https:\/\/plantagoagro.com\/index.php\/sobre-nosotros\/","url":"https:\/\/plantagoagro.com\/index.php\/sobre-nosotros\/","name":"Sobre nosotros - Plantago Agroprocesos","isPartOf":{"@id":"https:\/\/plantagoagro.com\/#website"},"datePublished":"2023-02-22T13:05:54+00:00","dateModified":"2023-03-09T22:42:11+00:00","breadcrumb":{"@id":"https:\/\/plantagoagro.com\/index.php\/sobre-nosotros\/#breadcrumb"},"inLanguage":"es","potentialAction":[{"@type":"ReadAction","target":["https:\/\/plantagoagro.com\/index.php\/sobre-nosotros\/"]}]},{"@type":"BreadcrumbList","@id":"https:\/\/plantagoagro.com\/index.php\/sobre-nosotros\/#breadcrumb","itemListElement":[{"@type":"ListItem","position":1,"name":"Portada","item":"https:\/\/plantagoagro.com\/"},{"@type":"ListItem","position":2,"name":"Sobre nosotros"}]},{"@type":"WebSite","@id":"https:\/\/plantagoagro.com\/#website","url":"https:\/\/plantagoagro.com\/","name":"Plantago Agroprocesos","description":"Insumos agropecuarios","publisher":{"@id":"https:\/\/plantagoagro.com\/#organization"},"potentialAction":[{"@type":"SearchAction","target":{"@type":"EntryPoint","urlTemplate":"https:\/\/plantagoagro.com\/?s={search_term_string}"},"query-input":"required name=search_term_string"}],"inLanguage":"es"},{"@type":"Organization","@id":"https:\/\/plantagoagro.com\/#organization","name":"Plantago Agroprocesos","url":"https:\/\/plantagoagro.com\/","logo":{"@type":"ImageObject","inLanguage":"es","@id":"https:\/\/plantagoagro.com\/#\/schema\/logo\/image\/","url":"https:\/\/plantagoagro.com\/wp-content\/uploads\/2023\/02\/V_Principal_Blanco.png","contentUrl":"https:\/\/plantagoagro.com\/wp-content\/uploads\/2023\/02\/V_Principal_Blanco.png","width":801,"height":179,"caption":"Plantago Agroprocesos"},"image":{"@id":"https:\/\/plantagoagro.com\/#\/schema\/logo\/image\/"}}]}},"_links":{"self":[{"href":"https:\/\/plantagoagro.com\/index.php\/wp-json\/wp\/v2\/pages\/64","targetHints":{"allow":["GET"]}}],"collection":[{"href":"https:\/\/plantagoagro.com\/index.php\/wp-json\/wp\/v2\/pages"}],"about":[{"href":"https:\/\/plantagoagro.com\/index.php\/wp-json\/wp\/v2\/types\/page"}],"author":[{"embeddable":true,"href":"https:\/\/plantagoagro.com\/index.php\/wp-json\/wp\/v2\/users\/2"}],"replies":[{"embeddable":true,"href":"https:\/\/plantagoagro.com\/index.php\/wp-json\/wp\/v2\/comments?post=64"}],"version-history":[{"count":10,"href":"https:\/\/plantagoagro.com\/index.php\/wp-json\/wp\/v2\/pages\/64\/revisions"}],"predecessor-version":[{"id":75,"href":"https:\/\/plantagoagro.com\/index.php\/wp-json\/wp\/v2\/pages\/64\/revisions\/75"}],"wp:attachment":[{"href":"https:\/\/plantagoagro.com\/index.php\/wp-json\/wp\/v2\/media?parent=64"}],"curies":[{"name":"wp","href":"https:\/\/api.w.org\/{rel}","templated":true}]}}